{"id":60,"date":"2018-02-12T16:44:48","date_gmt":"2018-02-12T15:44:48","guid":{"rendered":"http:\/\/superlative.works\/?page_id=60"},"modified":"2024-05-20T10:43:51","modified_gmt":"2024-05-20T08:43:51","slug":"text","status":"publish","type":"page","link":"https:\/\/superlative.works\/cs\/text\/","title":{"rendered":"Text"},"content":{"rendered":"<p>Maiselova 4<br \/>\n110 00 Praha 1<br \/>\n\u010cesk\u00e1 republika<br \/>\n<a href=\"mailto:studio@superlative.works\">mail<\/a><\/p>\n<p>Petr \u0160t\u011bp\u00e1n 1979<br \/>\n1993\u20131997 St\u0159edn\u00ed um\u011bleckopr\u016fmyslov\u00e1 \u0161kola v Praze<br \/>\n1997\u20132004 Vysok\u00e1 \u0161kola um\u011bleckopr\u016fmyslov\u00e1 v Praze<br \/>\n2004\u20132014 Studio Najbrt<\/p>\n<p>2007 Czech Grand Design za orienta\u010dn\u00ed syst\u00e9m \u010cesk\u00fdch drah<br \/>\n2010 Cena \u010cesk\u00e9 filmov\u00e9 a televizn\u00ed akademie \u010cesk\u00fd lev za nejlep\u0161\u00ed filmov\u00fd plak\u00e1t<br \/>\n2022 Red Dot Design Award za vizu\u00e1ln\u00ed styl pid<br \/>\n2023 Nejkr\u00e1sn\u011bj\u0161\u00ed \u010desk\u00e1 kniha v kategorii literatura pro d\u011bti a ml\u00e1de\u017e roku 2022 za knihu Do Nepam\u011bti<br \/>\n2024 Art Directors Club Award (zlato v kategorii Print Design) za s\u00e9rii zn\u00e1mek a ofici\u00e1ln\u00edch portr\u00e9t\u016f prezidenta Petra Pavla<\/p>\n<p><a href=\"https:\/\/superlative.works\/?p=2342\">Struhadlo<\/a><br><a href=\"https:\/\/superlative.works\/?p=2251\">800 let Hradce Kr\u00e1lov\u00e9<\/a><br><a href=\"https:\/\/superlative.works\/?p=2163\">Mexick\u00e1<\/a><br><a href=\"https:\/\/superlative.works\/?p=2210\">Forbina<\/a><br><a href=\"https:\/\/superlative.works\/?p=2113\">Mistrovstv\u00ed sv\u011bta IIHF v ledn\u00edm hokeji 2024<\/a><br><a href=\"https:\/\/superlative.works\/?p=2144\">10 000 000<\/a><br><a href=\"https:\/\/superlative.works\/?p=2027\">Hradec Kr\u00e1lov\u00e9<\/a><br><a href=\"https:\/\/superlative.works\/?p=2155\">Blix Not Bombs<\/a><br><a href=\"https:\/\/superlative.works\/?p=1944\">Starom\u011bstsk\u00e1 radnice<\/a><br><a href=\"https:\/\/superlative.works\/?p=1916\">prezident Pavel<\/a><br><a href=\"https:\/\/superlative.works\/?p=1805\">gener\u00e1l Pavel<\/a><br><a href=\"https:\/\/superlative.works\/?p=1678\">orienta\u010dn\u00ed syst\u00e9m UMPRUM<\/a><br><a href=\"https:\/\/superlative.works\/?p=1644\">Afka<\/a><br><a href=\"https:\/\/superlative.works\/?p=1602\">Prague City Tourism<\/a><br><a href=\"http:\/\/superlative.works\/?p=1501\">Do Nepam\u011bti<\/a><br><a href=\"https:\/\/superlative.works\/?p=1538\">Brambory<\/a><br><a href=\"http:\/\/superlative.works\/?p=1187\">pid<\/a><br><a href=\"http:\/\/superlative.works\/?p=1452\">0Tu<\/a><br><a href=\"http:\/\/superlative.works\/?p=1493\">Mar\u0165ansk\u00e9 lod\u011b<\/a><br><a href=\"http:\/\/superlative.works\/?p=1307\">Spolu siln\u011bj\u0161\u00ed<\/a><br><a href=\"http:\/\/superlative.works\/?p=1355\">Jaroslav Foglar<\/a><br><a href=\"http:\/\/superlative.works\/?p=1149\">-123 min.<\/a><br><a href=\"http:\/\/superlative.works\/?p=1076\">\u010cinohern\u00ed klub<\/a><br><a href=\"http:\/\/superlative.works\/?p=1038\">Polet\u00edme?<\/a><br><a href=\"http:\/\/superlative.works\/?p=1020\">Foodway Catering<\/a><br><a href=\"http:\/\/superlative.works\/?p=942\">The Tap Tap v Muzeu<\/a><br><a href=\"http:\/\/superlative.works\/?p=479\">Together<\/a><br><a href=\"http:\/\/superlative.works\/?p=488\">Pam\u011b\u0165 n\u00e1roda<\/a><br><a href=\"http:\/\/superlative.works\/?p=462\">Sia<\/a><br><a href=\"http:\/\/superlative.works\/?p=471\">P\u00e1lavsk\u00e9 vinobran\u00ed<\/a><br><a href=\"http:\/\/superlative.works\/?p=453\">Cukr\u00e1\u0159 Sk\u00e1la<\/a><br><a href=\"http:\/\/superlative.works\/?p=522\">Praha ho\u0159\u00ed<\/a><br><a href=\"http:\/\/superlative.works\/?p=451\">Bruxx<\/a><br><a href=\"http:\/\/superlative.works\/?p=435\">Vinohradsk\u00fd parlament<\/a><br><a href=\"http:\/\/superlative.works\/?p=386\">Stezky korunami strom\u016f<\/a><br><a href=\"http:\/\/superlative.works\/?p=375\">Czech SNBX Team<\/a><br><a href=\"http:\/\/superlative.works\/?p=366\">Brasileiro<\/a><br><a href=\"http:\/\/superlative.works\/?p=359\">Wikov<\/a><br><a href=\"http:\/\/superlative.works\/?p=354\">Konto Bari\u00e9ry<\/a><br><a href=\"http:\/\/superlative.works\/?p=334\">48. MFF Karlovy Vary<\/a><br><a href=\"http:\/\/superlative.works\/?p=324\">68. Pra\u017esk\u00e9 jaro<\/a><br><a href=\"http:\/\/superlative.works\/?p=312\">1492<\/a><br><a href=\"http:\/\/superlative.works\/?p=299\">67. Pra\u017esk\u00e9 jaro<\/a><br><a href=\"http:\/\/superlative.works\/?p=277\">\u010cesk\u00e1 televize<\/a><br><a href=\"http:\/\/superlative.works\/?p=267\">M\u011bstem posedl\u00ed<\/a><br><a href=\"http:\/\/superlative.works\/?p=259\">66. Pra\u017esk\u00e9 jaro<\/a><br><a href=\"http:\/\/superlative.works\/?p=232\">\u010cestr<\/a><br><a href=\"http:\/\/superlative.works\/?p=228\">Galerie V\u00e1clava \u0160p\u00e1ly<\/a><br><a href=\"http:\/\/superlative.works\/?p=243\">65. Pra\u017esk\u00e9 jaro<\/a><br><a href=\"http:\/\/superlative.works\/?p=221\">Kuky se vrac\u00ed<\/a><br><a href=\"http:\/\/superlative.works\/?p=214\">Expo<\/a><br><a href=\"http:\/\/superlative.works\/?p=416\">\u010cesk\u00e1 architektura<\/a><br><a href=\"http:\/\/superlative.works\/?p=187\">\u010cesk\u00e9 centrum New York<\/a><br><a href=\"http:\/\/superlative.works\/?p=40\">\u010cesk\u00e9 dr\u00e1hy<\/a><br><a href=\"http:\/\/superlative.works\/?p=141\">\u010cD Cargo<\/a><br><a href=\"http:\/\/superlative.works\/?p=162\">Claudius a Gertruda<\/a><br><a href=\"http:\/\/superlative.works\/?p=10\">Vratn\u00e9 lahve<\/a><br><a href=\"http:\/\/superlative.works\/?p=402\">LTB<\/a><br><a href=\"http:\/\/superlative.works\/?p=179\">Mario Wild Flowers<\/a><br><a href=\"http:\/\/superlative.works\/?p=427\">Theatersucht<\/a><br><\/p>\n","protected":false},"excerpt":{"rendered":"<p>Maiselova 4 110 00 Praha 1 \u010cesk\u00e1 republika mail Petr \u0160t\u011bp\u00e1n 1979 1993\u20131997 St\u0159edn\u00ed um\u011bleckopr\u016fmyslov\u00e1 \u0161kola v Praze 1997\u20132004 Vysok\u00e1 \u0161kola um\u011bleckopr\u016fmyslov\u00e1 v Praze 2004\u20132014 Studio Najbrt 2007 Czech Grand Design za orienta\u010dn\u00ed syst\u00e9m \u010cesk\u00fdch drah 2010 Cena \u010cesk\u00e9 filmov\u00e9 a televizn\u00ed akademie \u010cesk\u00fd lev za nejlep\u0161\u00ed filmov\u00fd plak\u00e1t 2022 Red Dot Design Award za [&hellip;]<\/p>\n","protected":false},"author":1,"featured_media":0,"parent":0,"menu_order":0,"comment_status":"closed","ping_status":"closed","template":"","meta":{"footnotes":""},"class_list":["post-60","page","type-page","status-publish","hentry","missing-thumbnail"],"yoast_head":"<!-- This site is optimized with the Yoast SEO plugin v27.5 - https:\/\/yoast.com\/product\/yoast-seo-wordpress\/ -->\n<title>Kontakt - superlative.works<\/title>\n<meta name=\"robots\" content=\"index, follow, max-snippet:-1, max-image-preview:large, max-video-preview:-1\" \/>\n<link rel=\"canonical\" href=\"https:\/\/superlative.works\/cs\/text\/\" \/>\n<meta property=\"og:locale\" content=\"cs_CZ\" \/>\n<meta property=\"og:type\" content=\"article\" \/>\n<meta property=\"og:title\" content=\"Kontakt - superlative.works\" \/>\n<meta property=\"og:description\" content=\"Maiselova 4 110 00 Praha 1 \u010cesk\u00e1 republika mail Petr \u0160t\u011bp\u00e1n 1979 1993\u20131997 St\u0159edn\u00ed um\u011bleckopr\u016fmyslov\u00e1 \u0161kola v Praze 1997\u20132004 Vysok\u00e1 \u0161kola um\u011bleckopr\u016fmyslov\u00e1 v Praze 2004\u20132014 Studio Najbrt 2007 Czech Grand Design za orienta\u010dn\u00ed syst\u00e9m \u010cesk\u00fdch drah 2010 Cena \u010cesk\u00e9 filmov\u00e9 a televizn\u00ed akademie \u010cesk\u00fd lev za nejlep\u0161\u00ed filmov\u00fd plak\u00e1t 2022 Red Dot Design Award za [&hellip;]\" \/>\n<meta property=\"og:url\" content=\"https:\/\/superlative.works\/cs\/text\/\" \/>\n<meta property=\"og:site_name\" content=\"superlative.works\" \/>\n<meta property=\"article:modified_time\" content=\"2024-05-20T08:43:51+00:00\" \/>\n<meta name=\"twitter:card\" content=\"summary_large_image\" \/>\n<meta name=\"twitter:label1\" content=\"Odhadovan\u00e1 doba \u010dten\u00ed\" \/>\n\t<meta name=\"twitter:data1\" content=\"1 minuta\" \/>\n<script type=\"application\/ld+json\" class=\"yoast-schema-graph\">{\"@context\":\"https:\\\/\\\/schema.org\",\"@graph\":[{\"@type\":\"WebPage\",\"@id\":\"https:\\\/\\\/superlative.works\\\/cs\\\/text\\\/\",\"url\":\"https:\\\/\\\/superlative.works\\\/cs\\\/text\\\/\",\"name\":\"Kontakt - superlative.works\",\"isPartOf\":{\"@id\":\"https:\\\/\\\/superlative.works\\\/#website\"},\"datePublished\":\"2018-02-12T15:44:48+00:00\",\"dateModified\":\"2024-05-20T08:43:51+00:00\",\"breadcrumb\":{\"@id\":\"https:\\\/\\\/superlative.works\\\/cs\\\/text\\\/#breadcrumb\"},\"inLanguage\":\"cs\",\"potentialAction\":[{\"@type\":\"ReadAction\",\"target\":[\"https:\\\/\\\/superlative.works\\\/cs\\\/text\\\/\"]}]},{\"@type\":\"BreadcrumbList\",\"@id\":\"https:\\\/\\\/superlative.works\\\/cs\\\/text\\\/#breadcrumb\",\"itemListElement\":[{\"@type\":\"ListItem\",\"position\":1,\"name\":\"Dom\u016f\",\"item\":\"https:\\\/\\\/superlative.works\\\/\"},{\"@type\":\"ListItem\",\"position\":2,\"name\":\"Text\"}]},{\"@type\":\"WebSite\",\"@id\":\"https:\\\/\\\/superlative.works\\\/#website\",\"url\":\"https:\\\/\\\/superlative.works\\\/\",\"name\":\"superlative.works\",\"description\":\"\",\"potentialAction\":[{\"@type\":\"SearchAction\",\"target\":{\"@type\":\"EntryPoint\",\"urlTemplate\":\"https:\\\/\\\/superlative.works\\\/?s={search_term_string}\"},\"query-input\":{\"@type\":\"PropertyValueSpecification\",\"valueRequired\":true,\"valueName\":\"search_term_string\"}}],\"inLanguage\":\"cs\"}]}<\/script>\n<!-- \/ Yoast SEO plugin. -->","yoast_head_json":{"title":"Kontakt - superlative.works","robots":{"index":"index","follow":"follow","max-snippet":"max-snippet:-1","max-image-preview":"max-image-preview:large","max-video-preview":"max-video-preview:-1"},"canonical":"https:\/\/superlative.works\/cs\/text\/","og_locale":"cs_CZ","og_type":"article","og_title":"Kontakt - superlative.works","og_description":"Maiselova 4 110 00 Praha 1 \u010cesk\u00e1 republika mail Petr \u0160t\u011bp\u00e1n 1979 1993\u20131997 St\u0159edn\u00ed um\u011bleckopr\u016fmyslov\u00e1 \u0161kola v Praze 1997\u20132004 Vysok\u00e1 \u0161kola um\u011bleckopr\u016fmyslov\u00e1 v Praze 2004\u20132014 Studio Najbrt 2007 Czech Grand Design za orienta\u010dn\u00ed syst\u00e9m \u010cesk\u00fdch drah 2010 Cena \u010cesk\u00e9 filmov\u00e9 a televizn\u00ed akademie \u010cesk\u00fd lev za nejlep\u0161\u00ed filmov\u00fd plak\u00e1t 2022 Red Dot Design Award za [&hellip;]","og_url":"https:\/\/superlative.works\/cs\/text\/","og_site_name":"superlative.works","article_modified_time":"2024-05-20T08:43:51+00:00","twitter_card":"summary_large_image","twitter_misc":{"Odhadovan\u00e1 doba \u010dten\u00ed":"1 minuta"},"schema":{"@context":"https:\/\/schema.org","@graph":[{"@type":"WebPage","@id":"https:\/\/superlative.works\/cs\/text\/","url":"https:\/\/superlative.works\/cs\/text\/","name":"Kontakt - superlative.works","isPartOf":{"@id":"https:\/\/superlative.works\/#website"},"datePublished":"2018-02-12T15:44:48+00:00","dateModified":"2024-05-20T08:43:51+00:00","breadcrumb":{"@id":"https:\/\/superlative.works\/cs\/text\/#breadcrumb"},"inLanguage":"cs","potentialAction":[{"@type":"ReadAction","target":["https:\/\/superlative.works\/cs\/text\/"]}]},{"@type":"BreadcrumbList","@id":"https:\/\/superlative.works\/cs\/text\/#breadcrumb","itemListElement":[{"@type":"ListItem","position":1,"name":"Dom\u016f","item":"https:\/\/superlative.works\/"},{"@type":"ListItem","position":2,"name":"Text"}]},{"@type":"WebSite","@id":"https:\/\/superlative.works\/#website","url":"https:\/\/superlative.works\/","name":"superlative.works","description":"","potentialAction":[{"@type":"SearchAction","target":{"@type":"EntryPoint","urlTemplate":"https:\/\/superlative.works\/?s={search_term_string}"},"query-input":{"@type":"PropertyValueSpecification","valueRequired":true,"valueName":"search_term_string"}}],"inLanguage":"cs"}]}},"_links":{"self":[{"href":"https:\/\/superlative.works\/cs\/wp-json\/wp\/v2\/pages\/60","targetHints":{"allow":["GET"]}}],"collection":[{"href":"https:\/\/superlative.works\/cs\/wp-json\/wp\/v2\/pages"}],"about":[{"href":"https:\/\/superlative.works\/cs\/wp-json\/wp\/v2\/types\/page"}],"author":[{"embeddable":true,"href":"https:\/\/superlative.works\/cs\/wp-json\/wp\/v2\/users\/1"}],"replies":[{"embeddable":true,"href":"https:\/\/superlative.works\/cs\/wp-json\/wp\/v2\/comments?post=60"}],"version-history":[{"count":14,"href":"https:\/\/superlative.works\/cs\/wp-json\/wp\/v2\/pages\/60\/revisions"}],"predecessor-version":[{"id":1985,"href":"https:\/\/superlative.works\/cs\/wp-json\/wp\/v2\/pages\/60\/revisions\/1985"}],"wp:attachment":[{"href":"https:\/\/superlative.works\/cs\/wp-json\/wp\/v2\/media?parent=60"}],"curies":[{"name":"wp","href":"https:\/\/api.w.org\/{rel}","templated":true}]}}